{"id":15,"date":"2025-09-24T14:58:01","date_gmt":"2025-09-24T14:58:01","guid":{"rendered":"https:\/\/inigofernandezcarpinteria.rkinformatika.online\/?page_id=15"},"modified":"2025-10-14T12:55:20","modified_gmt":"2025-10-14T12:55:20","slug":"servicios","status":"publish","type":"page","link":"https:\/\/inigofernandezcarpinteria.com\/en\/servicios\/","title":{"rendered":"Services"},"content":{"rendered":"<div data-elementor-type=\"wp-page\" data-elementor-id=\"15\" class=\"elementor elementor-15\" data-elementor-post-type=\"page\">\n\t\t\t\t<div class=\"elementor-element elementor-element-9edbf67 e-flex e-con-boxed e-con e-parent\" data-id=\"9edbf67\" data-element_type=\"container\" data-e-type=\"container\" data-settings=\"{&quot;background_background&quot;:&quot;classic&quot;}\">\n\t\t\t\t\t<div class=\"e-con-inner\">\n\t\t\t\t<div class=\"elementor-element elementor-element-a2bc458 elementor-widget elementor-widget-heading\" data-id=\"a2bc458\" data-element_type=\"widget\" data-e-type=\"widget\" data-widget_type=\"heading.default\">\n\t\t\t\t\t<h2 class=\"elementor-heading-title elementor-size-default\">SERVICIOS<\/h2>\t\t\t\t<\/div>\n\t\t\t\t\t<\/div>\n\t\t\t\t<\/div>\n\t\t<div class=\"elementor-element elementor-element-25e4ce5 elementor-hidden-mobile e-flex e-con-boxed e-con e-parent\" data-id=\"25e4ce5\" data-element_type=\"container\" data-e-type=\"container\" data-settings=\"{&quot;background_background&quot;:&quot;classic&quot;}\">\n\t\t\t\t\t<div class=\"e-con-inner\">\n\t\t<div class=\"elementor-element elementor-element-0cebdca e-con-full e-flex e-con e-child\" data-id=\"0cebdca\" data-element_type=\"container\" data-e-type=\"container\">\n\t\t\t\t<div class=\"elementor-element elementor-element-f967633 elementor-widget elementor-widget-heading\" data-id=\"f967633\" data-element_type=\"widget\" data-e-type=\"widget\" data-widget_type=\"heading.default\">\n\t\t\t\t\t<h2 class=\"elementor-heading-title elementor-size-default\">Colocaci\u00f3n de puertas<\/h2>\t\t\t\t<\/div>\n\t\t\t\t<div class=\"elementor-element elementor-element-41fd843 elementor-widget elementor-widget-text-editor\" data-id=\"41fd843\" data-element_type=\"widget\" data-e-type=\"widget\" data-widget_type=\"text-editor.default\">\n\t\t\t\t\t\t\t\t\t<p>Instalaci\u00f3n de todo tipo de puertas de interior y exterior, adaptadas a las medidas de tu hogar, con acabados resistentes y cuidados.<\/p>\t\t\t\t\t\t\t\t<\/div>\n\t\t\t\t<\/div>\n\t\t<div class=\"elementor-element elementor-element-afb04d0 e-con-full e-flex e-con e-child\" data-id=\"afb04d0\" data-element_type=\"container\" data-e-type=\"container\">\n\t\t\t\t<div class=\"elementor-element elementor-element-00d44f5 elementor-widget elementor-widget-image\" data-id=\"00d44f5\" data-element_type=\"widget\" data-e-type=\"widget\" data-widget_type=\"image.default\">\n\t\t\t\t\t\t\t\t\t\t\t\t\t\t\t<img fetchpriority=\"high\" decoding=\"async\" width=\"768\" height=\"1024\" src=\"https:\/\/inigofernandezcarpinteria.com\/wp-content\/uploads\/2025\/10\/IMG_8262-Inigo-Fernandez-768x1024.jpeg\" class=\"attachment-large size-large wp-image-213\" alt=\"\" srcset=\"https:\/\/inigofernandezcarpinteria.com\/wp-content\/uploads\/2025\/10\/IMG_8262-Inigo-Fernandez-768x1024.jpeg 768w, https:\/\/inigofernandezcarpinteria.com\/wp-content\/uploads\/2025\/10\/IMG_8262-Inigo-Fernandez-225x300.jpeg 225w, https:\/\/inigofernandezcarpinteria.com\/wp-content\/uploads\/2025\/10\/IMG_8262-Inigo-Fernandez-1152x1536.jpeg 1152w, https:\/\/inigofernandezcarpinteria.com\/wp-content\/uploads\/2025\/10\/IMG_8262-Inigo-Fernandez-1536x2048.jpeg 1536w, https:\/\/inigofernandezcarpinteria.com\/wp-content\/uploads\/2025\/10\/IMG_8262-Inigo-Fernandez-9x12.jpeg 9w, https:\/\/inigofernandezcarpinteria.com\/wp-content\/uploads\/2025\/10\/IMG_8262-Inigo-Fernandez-scaled.jpeg 1920w\" sizes=\"(max-width: 768px) 100vw, 768px\" \/>\t\t\t\t\t\t\t\t\t\t\t\t\t\t\t<\/div>\n\t\t\t\t<\/div>\n\t\t<div class=\"elementor-element elementor-element-10a5396 e-con-full e-flex e-con e-child\" data-id=\"10a5396\" data-element_type=\"container\" data-e-type=\"container\">\n\t\t\t\t<div class=\"elementor-element elementor-element-870deeb elementor-widget elementor-widget-image\" data-id=\"870deeb\" data-element_type=\"widget\" data-e-type=\"widget\" data-widget_type=\"image.default\">\n\t\t\t\t\t\t\t\t\t\t\t\t\t\t\t<img decoding=\"async\" width=\"768\" height=\"1024\" src=\"https:\/\/inigofernandezcarpinteria.com\/wp-content\/uploads\/2025\/10\/IMG_4759-Inigo-Fernandez-768x1024.jpeg\" class=\"attachment-large size-large wp-image-214\" alt=\"\" srcset=\"https:\/\/inigofernandezcarpinteria.com\/wp-content\/uploads\/2025\/10\/IMG_4759-Inigo-Fernandez-768x1024.jpeg 768w, https:\/\/inigofernandezcarpinteria.com\/wp-content\/uploads\/2025\/10\/IMG_4759-Inigo-Fernandez-225x300.jpeg 225w, https:\/\/inigofernandezcarpinteria.com\/wp-content\/uploads\/2025\/10\/IMG_4759-Inigo-Fernandez-1152x1536.jpeg 1152w, https:\/\/inigofernandezcarpinteria.com\/wp-content\/uploads\/2025\/10\/IMG_4759-Inigo-Fernandez-1536x2048.jpeg 1536w, https:\/\/inigofernandezcarpinteria.com\/wp-content\/uploads\/2025\/10\/IMG_4759-Inigo-Fernandez-9x12.jpeg 9w, https:\/\/inigofernandezcarpinteria.com\/wp-content\/uploads\/2025\/10\/IMG_4759-Inigo-Fernandez-scaled.jpeg 1920w\" sizes=\"(max-width: 768px) 100vw, 768px\" \/>\t\t\t\t\t\t\t\t\t\t\t\t\t\t\t<\/div>\n\t\t\t\t<\/div>\n\t\t<div class=\"elementor-element elementor-element-bdb9752 e-con-full e-flex e-con e-child\" data-id=\"bdb9752\" data-element_type=\"container\" data-e-type=\"container\">\n\t\t\t\t<div class=\"elementor-element elementor-element-35aa33c elementor-widget elementor-widget-image\" data-id=\"35aa33c\" data-element_type=\"widget\" data-e-type=\"widget\" data-widget_type=\"image.default\">\n\t\t\t\t\t\t\t\t\t\t\t\t\t\t\t<img decoding=\"async\" width=\"768\" height=\"1024\" src=\"https:\/\/inigofernandezcarpinteria.com\/wp-content\/uploads\/2025\/10\/IMG_9700-Inigo-Fernandez-768x1024.jpeg\" class=\"attachment-large size-large wp-image-215\" alt=\"\" srcset=\"https:\/\/inigofernandezcarpinteria.com\/wp-content\/uploads\/2025\/10\/IMG_9700-Inigo-Fernandez-768x1024.jpeg 768w, https:\/\/inigofernandezcarpinteria.com\/wp-content\/uploads\/2025\/10\/IMG_9700-Inigo-Fernandez-225x300.jpeg 225w, https:\/\/inigofernandezcarpinteria.com\/wp-content\/uploads\/2025\/10\/IMG_9700-Inigo-Fernandez-1152x1536.jpeg 1152w, https:\/\/inigofernandezcarpinteria.com\/wp-content\/uploads\/2025\/10\/IMG_9700-Inigo-Fernandez-1536x2048.jpeg 1536w, https:\/\/inigofernandezcarpinteria.com\/wp-content\/uploads\/2025\/10\/IMG_9700-Inigo-Fernandez-9x12.jpeg 9w, https:\/\/inigofernandezcarpinteria.com\/wp-content\/uploads\/2025\/10\/IMG_9700-Inigo-Fernandez-scaled.jpeg 1920w\" sizes=\"(max-width: 768px) 100vw, 768px\" \/>\t\t\t\t\t\t\t\t\t\t\t\t\t\t\t<\/div>\n\t\t\t\t<\/div>\n\t\t<div class=\"elementor-element elementor-element-409687f e-con-full e-flex e-con e-child\" data-id=\"409687f\" data-element_type=\"container\" data-e-type=\"container\">\n\t\t\t\t<div class=\"elementor-element elementor-element-15c552d elementor-widget elementor-widget-heading\" data-id=\"15c552d\" data-element_type=\"widget\" data-e-type=\"widget\" data-widget_type=\"heading.default\">\n\t\t\t\t\t<h2 class=\"elementor-heading-title elementor-size-default\">Instalaci\u00f3n de suelos de madera y tarimas<\/h2>\t\t\t\t<\/div>\n\t\t\t\t<div class=\"elementor-element elementor-element-1421ea4 elementor-widget elementor-widget-text-editor\" data-id=\"1421ea4\" data-element_type=\"widget\" data-e-type=\"widget\" data-widget_type=\"text-editor.default\">\n\t\t\t\t\t\t\t\t\t<p>Colocaci\u00f3n de suelos laminados, tarimas flotantes o macizas, logrando espacios c\u00e1lidos y duraderos.<\/p>\t\t\t\t\t\t\t\t<\/div>\n\t\t\t\t<\/div>\n\t\t<div class=\"elementor-element elementor-element-7fd606a e-con-full e-flex e-con e-child\" data-id=\"7fd606a\" data-element_type=\"container\" data-e-type=\"container\">\n\t\t\t\t<div class=\"elementor-element elementor-element-3cc82c2 elementor-widget elementor-widget-heading\" data-id=\"3cc82c2\" data-element_type=\"widget\" data-e-type=\"widget\" data-widget_type=\"heading.default\">\n\t\t\t\t\t<h2 class=\"elementor-heading-title elementor-size-default\">Armarios empotrados y a medida<\/h2>\t\t\t\t<\/div>\n\t\t\t\t<div class=\"elementor-element elementor-element-babee80 elementor-widget elementor-widget-text-editor\" data-id=\"babee80\" data-element_type=\"widget\" data-e-type=\"widget\" data-widget_type=\"text-editor.default\">\n\t\t\t\t\t\t\t\t\t<p>Dise\u00f1o, fabricaci\u00f3n e instalaci\u00f3n de armarios adaptados a tu espacio, con soluciones pr\u00e1cticas para aprovechar cada rinc\u00f3n.<\/p>\t\t\t\t\t\t\t\t<\/div>\n\t\t\t\t<\/div>\n\t\t\t\t\t<\/div>\n\t\t\t\t<\/div>\n\t\t<div class=\"elementor-element elementor-element-d68534b elementor-hidden-desktop elementor-hidden-tablet e-flex e-con-boxed e-con e-parent\" data-id=\"d68534b\" data-element_type=\"container\" data-e-type=\"container\" data-settings=\"{&quot;background_background&quot;:&quot;classic&quot;}\">\n\t\t\t\t\t<div class=\"e-con-inner\">\n\t\t<div class=\"elementor-element elementor-element-e6db195 e-con-full e-flex e-con e-child\" data-id=\"e6db195\" data-element_type=\"container\" data-e-type=\"container\">\n\t\t\t\t<div class=\"elementor-element elementor-element-af6c8b3 elementor-widget elementor-widget-heading\" data-id=\"af6c8b3\" data-element_type=\"widget\" data-e-type=\"widget\" data-widget_type=\"heading.default\">\n\t\t\t\t\t<h2 class=\"elementor-heading-title elementor-size-default\">Colocaci\u00f3n de puertas<\/h2>\t\t\t\t<\/div>\n\t\t\t\t<div class=\"elementor-element elementor-element-cda7530 elementor-widget elementor-widget-text-editor\" data-id=\"cda7530\" data-element_type=\"widget\" data-e-type=\"widget\" data-widget_type=\"text-editor.default\">\n\t\t\t\t\t\t\t\t\t<p>Instalaci\u00f3n de todo tipo de puertas de interior y exterior, adaptadas a las medidas de tu hogar, con acabados resistentes y cuidados.<\/p>\t\t\t\t\t\t\t\t<\/div>\n\t\t\t\t<\/div>\n\t\t<div class=\"elementor-element elementor-element-5781c06 e-con-full e-flex e-con e-child\" data-id=\"5781c06\" data-element_type=\"container\" data-e-type=\"container\">\n\t\t\t\t<div class=\"elementor-element elementor-element-664773f elementor-widget elementor-widget-image\" data-id=\"664773f\" data-element_type=\"widget\" data-e-type=\"widget\" data-widget_type=\"image.default\">\n\t\t\t\t\t\t\t\t\t\t\t\t\t\t\t<img fetchpriority=\"high\" decoding=\"async\" width=\"768\" height=\"1024\" src=\"https:\/\/inigofernandezcarpinteria.com\/wp-content\/uploads\/2025\/10\/IMG_8262-Inigo-Fernandez-768x1024.jpeg\" class=\"attachment-large size-large wp-image-213\" alt=\"\" srcset=\"https:\/\/inigofernandezcarpinteria.com\/wp-content\/uploads\/2025\/10\/IMG_8262-Inigo-Fernandez-768x1024.jpeg 768w, https:\/\/inigofernandezcarpinteria.com\/wp-content\/uploads\/2025\/10\/IMG_8262-Inigo-Fernandez-225x300.jpeg 225w, https:\/\/inigofernandezcarpinteria.com\/wp-content\/uploads\/2025\/10\/IMG_8262-Inigo-Fernandez-1152x1536.jpeg 1152w, https:\/\/inigofernandezcarpinteria.com\/wp-content\/uploads\/2025\/10\/IMG_8262-Inigo-Fernandez-1536x2048.jpeg 1536w, https:\/\/inigofernandezcarpinteria.com\/wp-content\/uploads\/2025\/10\/IMG_8262-Inigo-Fernandez-9x12.jpeg 9w, https:\/\/inigofernandezcarpinteria.com\/wp-content\/uploads\/2025\/10\/IMG_8262-Inigo-Fernandez-scaled.jpeg 1920w\" sizes=\"(max-width: 768px) 100vw, 768px\" \/>\t\t\t\t\t\t\t\t\t\t\t\t\t\t\t<\/div>\n\t\t\t\t<\/div>\n\t\t<div class=\"elementor-element elementor-element-45e0fad e-con-full e-flex e-con e-child\" data-id=\"45e0fad\" data-element_type=\"container\" data-e-type=\"container\">\n\t\t\t\t<div class=\"elementor-element elementor-element-4080e4c elementor-widget elementor-widget-heading\" data-id=\"4080e4c\" data-element_type=\"widget\" data-e-type=\"widget\" data-widget_type=\"heading.default\">\n\t\t\t\t\t<h2 class=\"elementor-heading-title elementor-size-default\">Instalaci\u00f3n de suelos de madera y tarimas<\/h2>\t\t\t\t<\/div>\n\t\t\t\t<div class=\"elementor-element elementor-element-e16b6bc elementor-widget elementor-widget-text-editor\" data-id=\"e16b6bc\" data-element_type=\"widget\" data-e-type=\"widget\" data-widget_type=\"text-editor.default\">\n\t\t\t\t\t\t\t\t\t<p>Colocaci\u00f3n de suelos laminados, tarimas flotantes o macizas, logrando espacios c\u00e1lidos y duraderos.<\/p>\t\t\t\t\t\t\t\t<\/div>\n\t\t\t\t<\/div>\n\t\t<div class=\"elementor-element elementor-element-e3351ba e-con-full e-flex e-con e-child\" data-id=\"e3351ba\" data-element_type=\"container\" data-e-type=\"container\">\n\t\t\t\t<div class=\"elementor-element elementor-element-6616e3c elementor-widget elementor-widget-image\" data-id=\"6616e3c\" data-element_type=\"widget\" data-e-type=\"widget\" data-widget_type=\"image.default\">\n\t\t\t\t\t\t\t\t\t\t\t\t\t\t\t<img decoding=\"async\" width=\"768\" height=\"1024\" src=\"https:\/\/inigofernandezcarpinteria.com\/wp-content\/uploads\/2025\/10\/IMG_4759-Inigo-Fernandez-768x1024.jpeg\" class=\"attachment-large size-large wp-image-214\" alt=\"\" srcset=\"https:\/\/inigofernandezcarpinteria.com\/wp-content\/uploads\/2025\/10\/IMG_4759-Inigo-Fernandez-768x1024.jpeg 768w, https:\/\/inigofernandezcarpinteria.com\/wp-content\/uploads\/2025\/10\/IMG_4759-Inigo-Fernandez-225x300.jpeg 225w, https:\/\/inigofernandezcarpinteria.com\/wp-content\/uploads\/2025\/10\/IMG_4759-Inigo-Fernandez-1152x1536.jpeg 1152w, https:\/\/inigofernandezcarpinteria.com\/wp-content\/uploads\/2025\/10\/IMG_4759-Inigo-Fernandez-1536x2048.jpeg 1536w, https:\/\/inigofernandezcarpinteria.com\/wp-content\/uploads\/2025\/10\/IMG_4759-Inigo-Fernandez-9x12.jpeg 9w, https:\/\/inigofernandezcarpinteria.com\/wp-content\/uploads\/2025\/10\/IMG_4759-Inigo-Fernandez-scaled.jpeg 1920w\" sizes=\"(max-width: 768px) 100vw, 768px\" \/>\t\t\t\t\t\t\t\t\t\t\t\t\t\t\t<\/div>\n\t\t\t\t<\/div>\n\t\t<div class=\"elementor-element elementor-element-4993259 e-con-full e-flex e-con e-child\" data-id=\"4993259\" data-element_type=\"container\" data-e-type=\"container\">\n\t\t\t\t<div class=\"elementor-element elementor-element-6104809 elementor-widget elementor-widget-image\" data-id=\"6104809\" data-element_type=\"widget\" data-e-type=\"widget\" data-widget_type=\"image.default\">\n\t\t\t\t\t\t\t\t\t\t\t\t\t\t\t<img decoding=\"async\" width=\"768\" height=\"1024\" src=\"https:\/\/inigofernandezcarpinteria.com\/wp-content\/uploads\/2025\/10\/IMG_9700-Inigo-Fernandez-768x1024.jpeg\" class=\"attachment-large size-large wp-image-215\" alt=\"\" srcset=\"https:\/\/inigofernandezcarpinteria.com\/wp-content\/uploads\/2025\/10\/IMG_9700-Inigo-Fernandez-768x1024.jpeg 768w, https:\/\/inigofernandezcarpinteria.com\/wp-content\/uploads\/2025\/10\/IMG_9700-Inigo-Fernandez-225x300.jpeg 225w, https:\/\/inigofernandezcarpinteria.com\/wp-content\/uploads\/2025\/10\/IMG_9700-Inigo-Fernandez-1152x1536.jpeg 1152w, https:\/\/inigofernandezcarpinteria.com\/wp-content\/uploads\/2025\/10\/IMG_9700-Inigo-Fernandez-1536x2048.jpeg 1536w, https:\/\/inigofernandezcarpinteria.com\/wp-content\/uploads\/2025\/10\/IMG_9700-Inigo-Fernandez-9x12.jpeg 9w, https:\/\/inigofernandezcarpinteria.com\/wp-content\/uploads\/2025\/10\/IMG_9700-Inigo-Fernandez-scaled.jpeg 1920w\" sizes=\"(max-width: 768px) 100vw, 768px\" \/>\t\t\t\t\t\t\t\t\t\t\t\t\t\t\t<\/div>\n\t\t\t\t<\/div>\n\t\t<div class=\"elementor-element elementor-element-9dbdba7 e-con-full e-flex e-con e-child\" data-id=\"9dbdba7\" data-element_type=\"container\" data-e-type=\"container\">\n\t\t\t\t<div class=\"elementor-element elementor-element-d6b7755 elementor-widget elementor-widget-heading\" data-id=\"d6b7755\" data-element_type=\"widget\" data-e-type=\"widget\" data-widget_type=\"heading.default\">\n\t\t\t\t\t<h2 class=\"elementor-heading-title elementor-size-default\">Armarios empotrados y a medida<\/h2>\t\t\t\t<\/div>\n\t\t\t\t<div class=\"elementor-element elementor-element-48231c0 elementor-widget elementor-widget-text-editor\" data-id=\"48231c0\" data-element_type=\"widget\" data-e-type=\"widget\" data-widget_type=\"text-editor.default\">\n\t\t\t\t\t\t\t\t\t<p>Dise\u00f1o, fabricaci\u00f3n e instalaci\u00f3n de armarios adaptados a tu espacio, con soluciones pr\u00e1cticas para aprovechar cada rinc\u00f3n.<\/p>\t\t\t\t\t\t\t\t<\/div>\n\t\t\t\t<\/div>\n\t\t\t\t\t<\/div>\n\t\t\t\t<\/div>\n\t\t\t\t<\/div>","protected":false},"excerpt":{"rendered":"<p>SERVICIOS Colocaci\u00f3n de puertas Instalaci\u00f3n de todo tipo de puertas de interior y exterior, adaptadas a las medidas de tu hogar, con acabados resistentes y cuidados. Instalaci\u00f3n de suelos de madera y tarimas Colocaci\u00f3n de suelos laminados, tarimas flotantes o macizas, logrando espacios c\u00e1lidos y duraderos. Armarios empotrados y a medida Dise\u00f1o, fabricaci\u00f3n e instalaci\u00f3n [&hellip;]<\/p>\n","protected":false},"author":1,"featured_media":0,"parent":0,"menu_order":0,"comment_status":"closed","ping_status":"closed","template":"elementor_canvas","meta":{"footnotes":""},"class_list":["post-15","page","type-page","status-publish","hentry"],"yoast_head":"<!-- This site is optimized with the Yoast SEO plugin v27.3 - https:\/\/yoast.com\/product\/yoast-seo-wordpress\/ -->\n<title>Servicios - I\u00f1igo Fernandez Carpinter\u00eda<\/title>\n<meta name=\"robots\" content=\"index, follow, max-snippet:-1, max-image-preview:large, max-video-preview:-1\" \/>\n<link rel=\"canonical\" href=\"https:\/\/inigofernandezcarpinteria.com\/en\/servicios\/\" \/>\n<meta property=\"og:locale\" content=\"en_GB\" \/>\n<meta property=\"og:type\" content=\"article\" \/>\n<meta property=\"og:title\" content=\"Servicios - I\u00f1igo Fernandez Carpinter\u00eda\" \/>\n<meta property=\"og:description\" content=\"SERVICIOS Colocaci\u00f3n de puertas Instalaci\u00f3n de todo tipo de puertas de interior y exterior, adaptadas a las medidas de tu hogar, con acabados resistentes y cuidados. Instalaci\u00f3n de suelos de madera y tarimas Colocaci\u00f3n de suelos laminados, tarimas flotantes o macizas, logrando espacios c\u00e1lidos y duraderos. Armarios empotrados y a medida Dise\u00f1o, fabricaci\u00f3n e instalaci\u00f3n [&hellip;]\" \/>\n<meta property=\"og:url\" content=\"https:\/\/inigofernandezcarpinteria.com\/en\/servicios\/\" \/>\n<meta property=\"og:site_name\" content=\"I\u00f1igo Fernandez Carpinter\u00eda\" \/>\n<meta property=\"article:modified_time\" content=\"2025-10-14T12:55:20+00:00\" \/>\n<meta property=\"og:image\" content=\"https:\/\/inigofernandezcarpinteria.com\/wp-content\/uploads\/2025\/10\/IMG_8262-Inigo-Fernandez-768x1024.jpeg\" \/>\n<meta name=\"twitter:card\" content=\"summary_large_image\" \/>\n<meta name=\"twitter:label1\" content=\"Estimated reading time\" \/>\n\t<meta name=\"twitter:data1\" content=\"1 minute\" \/>\n<script type=\"application\/ld+json\" class=\"yoast-schema-graph\">{\"@context\":\"https:\\\/\\\/schema.org\",\"@graph\":[{\"@type\":\"WebPage\",\"@id\":\"https:\\\/\\\/inigofernandezcarpinteria.com\\\/servicios\\\/\",\"url\":\"https:\\\/\\\/inigofernandezcarpinteria.com\\\/servicios\\\/\",\"name\":\"Servicios - I\u00f1igo Fernandez Carpinter\u00eda\",\"isPartOf\":{\"@id\":\"https:\\\/\\\/inigofernandezcarpinteria.com\\\/#website\"},\"primaryImageOfPage\":{\"@id\":\"https:\\\/\\\/inigofernandezcarpinteria.com\\\/servicios\\\/#primaryimage\"},\"image\":{\"@id\":\"https:\\\/\\\/inigofernandezcarpinteria.com\\\/servicios\\\/#primaryimage\"},\"thumbnailUrl\":\"https:\\\/\\\/inigofernandezcarpinteria.com\\\/wp-content\\\/uploads\\\/2025\\\/10\\\/IMG_8262-Inigo-Fernandez-768x1024.jpeg\",\"datePublished\":\"2025-09-24T14:58:01+00:00\",\"dateModified\":\"2025-10-14T12:55:20+00:00\",\"breadcrumb\":{\"@id\":\"https:\\\/\\\/inigofernandezcarpinteria.com\\\/servicios\\\/#breadcrumb\"},\"inLanguage\":\"en-GB\",\"potentialAction\":[{\"@type\":\"ReadAction\",\"target\":[\"https:\\\/\\\/inigofernandezcarpinteria.com\\\/servicios\\\/\"]}]},{\"@type\":\"ImageObject\",\"inLanguage\":\"en-GB\",\"@id\":\"https:\\\/\\\/inigofernandezcarpinteria.com\\\/servicios\\\/#primaryimage\",\"url\":\"https:\\\/\\\/inigofernandezcarpinteria.com\\\/wp-content\\\/uploads\\\/2025\\\/10\\\/IMG_8262-Inigo-Fernandez-768x1024.jpeg\",\"contentUrl\":\"https:\\\/\\\/inigofernandezcarpinteria.com\\\/wp-content\\\/uploads\\\/2025\\\/10\\\/IMG_8262-Inigo-Fernandez-768x1024.jpeg\"},{\"@type\":\"BreadcrumbList\",\"@id\":\"https:\\\/\\\/inigofernandezcarpinteria.com\\\/servicios\\\/#breadcrumb\",\"itemListElement\":[{\"@type\":\"ListItem\",\"position\":1,\"name\":\"Portada\",\"item\":\"https:\\\/\\\/inigofernandezcarpinteria.com\\\/\"},{\"@type\":\"ListItem\",\"position\":2,\"name\":\"Servicios\"}]},{\"@type\":\"WebSite\",\"@id\":\"https:\\\/\\\/inigofernandezcarpinteria.com\\\/#website\",\"url\":\"https:\\\/\\\/inigofernandezcarpinteria.com\\\/\",\"name\":\"I\u00f1igo Fernandez Carpinter\u00eda\",\"description\":\"Carpinter\u00eda\",\"publisher\":{\"@id\":\"https:\\\/\\\/inigofernandezcarpinteria.com\\\/#organization\"},\"potentialAction\":[{\"@type\":\"SearchAction\",\"target\":{\"@type\":\"EntryPoint\",\"urlTemplate\":\"https:\\\/\\\/inigofernandezcarpinteria.com\\\/?s={search_term_string}\"},\"query-input\":{\"@type\":\"PropertyValueSpecification\",\"valueRequired\":true,\"valueName\":\"search_term_string\"}}],\"inLanguage\":\"en-GB\"},{\"@type\":\"Organization\",\"@id\":\"https:\\\/\\\/inigofernandezcarpinteria.com\\\/#organization\",\"name\":\"I\u00f1igo Fernandez Carpinter\u00eda\",\"url\":\"https:\\\/\\\/inigofernandezcarpinteria.com\\\/\",\"logo\":{\"@type\":\"ImageObject\",\"inLanguage\":\"en-GB\",\"@id\":\"https:\\\/\\\/inigofernandezcarpinteria.com\\\/#\\\/schema\\\/logo\\\/image\\\/\",\"url\":\"https:\\\/\\\/inigofernandezcarpinteria.com\\\/wp-content\\\/uploads\\\/2025\\\/10\\\/cropped-Yuee-Qiu-2.png\",\"contentUrl\":\"https:\\\/\\\/inigofernandezcarpinteria.com\\\/wp-content\\\/uploads\\\/2025\\\/10\\\/cropped-Yuee-Qiu-2.png\",\"width\":399,\"height\":116,\"caption\":\"I\u00f1igo Fernandez Carpinter\u00eda\"},\"image\":{\"@id\":\"https:\\\/\\\/inigofernandezcarpinteria.com\\\/#\\\/schema\\\/logo\\\/image\\\/\"}}]}<\/script>\n<!-- \/ Yoast SEO plugin. -->","yoast_head_json":{"title":"Servicios - I\u00f1igo Fernandez Carpinter\u00eda","robots":{"index":"index","follow":"follow","max-snippet":"max-snippet:-1","max-image-preview":"max-image-preview:large","max-video-preview":"max-video-preview:-1"},"canonical":"https:\/\/inigofernandezcarpinteria.com\/en\/servicios\/","og_locale":"en_GB","og_type":"article","og_title":"Servicios - I\u00f1igo Fernandez Carpinter\u00eda","og_description":"SERVICIOS Colocaci\u00f3n de puertas Instalaci\u00f3n de todo tipo de puertas de interior y exterior, adaptadas a las medidas de tu hogar, con acabados resistentes y cuidados. Instalaci\u00f3n de suelos de madera y tarimas Colocaci\u00f3n de suelos laminados, tarimas flotantes o macizas, logrando espacios c\u00e1lidos y duraderos. Armarios empotrados y a medida Dise\u00f1o, fabricaci\u00f3n e instalaci\u00f3n [&hellip;]","og_url":"https:\/\/inigofernandezcarpinteria.com\/en\/servicios\/","og_site_name":"I\u00f1igo Fernandez Carpinter\u00eda","article_modified_time":"2025-10-14T12:55:20+00:00","og_image":[{"url":"https:\/\/inigofernandezcarpinteria.com\/wp-content\/uploads\/2025\/10\/IMG_8262-Inigo-Fernandez-768x1024.jpeg","type":"","width":"","height":""}],"twitter_card":"summary_large_image","twitter_misc":{"Estimated reading time":"1 minute"},"schema":{"@context":"https:\/\/schema.org","@graph":[{"@type":"WebPage","@id":"https:\/\/inigofernandezcarpinteria.com\/servicios\/","url":"https:\/\/inigofernandezcarpinteria.com\/servicios\/","name":"Servicios - I\u00f1igo Fernandez Carpinter\u00eda","isPartOf":{"@id":"https:\/\/inigofernandezcarpinteria.com\/#website"},"primaryImageOfPage":{"@id":"https:\/\/inigofernandezcarpinteria.com\/servicios\/#primaryimage"},"image":{"@id":"https:\/\/inigofernandezcarpinteria.com\/servicios\/#primaryimage"},"thumbnailUrl":"https:\/\/inigofernandezcarpinteria.com\/wp-content\/uploads\/2025\/10\/IMG_8262-Inigo-Fernandez-768x1024.jpeg","datePublished":"2025-09-24T14:58:01+00:00","dateModified":"2025-10-14T12:55:20+00:00","breadcrumb":{"@id":"https:\/\/inigofernandezcarpinteria.com\/servicios\/#breadcrumb"},"inLanguage":"en-GB","potentialAction":[{"@type":"ReadAction","target":["https:\/\/inigofernandezcarpinteria.com\/servicios\/"]}]},{"@type":"ImageObject","inLanguage":"en-GB","@id":"https:\/\/inigofernandezcarpinteria.com\/servicios\/#primaryimage","url":"https:\/\/inigofernandezcarpinteria.com\/wp-content\/uploads\/2025\/10\/IMG_8262-Inigo-Fernandez-768x1024.jpeg","contentUrl":"https:\/\/inigofernandezcarpinteria.com\/wp-content\/uploads\/2025\/10\/IMG_8262-Inigo-Fernandez-768x1024.jpeg"},{"@type":"BreadcrumbList","@id":"https:\/\/inigofernandezcarpinteria.com\/servicios\/#breadcrumb","itemListElement":[{"@type":"ListItem","position":1,"name":"Portada","item":"https:\/\/inigofernandezcarpinteria.com\/"},{"@type":"ListItem","position":2,"name":"Servicios"}]},{"@type":"WebSite","@id":"https:\/\/inigofernandezcarpinteria.com\/#website","url":"https:\/\/inigofernandezcarpinteria.com\/","name":"I\u00f1igo Fernandez Carpinter\u00eda","description":"Carpinter\u00eda","publisher":{"@id":"https:\/\/inigofernandezcarpinteria.com\/#organization"},"potentialAction":[{"@type":"SearchAction","target":{"@type":"EntryPoint","urlTemplate":"https:\/\/inigofernandezcarpinteria.com\/?s={search_term_string}"},"query-input":{"@type":"PropertyValueSpecification","valueRequired":true,"valueName":"search_term_string"}}],"inLanguage":"en-GB"},{"@type":"Organization","@id":"https:\/\/inigofernandezcarpinteria.com\/#organization","name":"I\u00f1igo Fernandez Carpinter\u00eda","url":"https:\/\/inigofernandezcarpinteria.com\/","logo":{"@type":"ImageObject","inLanguage":"en-GB","@id":"https:\/\/inigofernandezcarpinteria.com\/#\/schema\/logo\/image\/","url":"https:\/\/inigofernandezcarpinteria.com\/wp-content\/uploads\/2025\/10\/cropped-Yuee-Qiu-2.png","contentUrl":"https:\/\/inigofernandezcarpinteria.com\/wp-content\/uploads\/2025\/10\/cropped-Yuee-Qiu-2.png","width":399,"height":116,"caption":"I\u00f1igo Fernandez Carpinter\u00eda"},"image":{"@id":"https:\/\/inigofernandezcarpinteria.com\/#\/schema\/logo\/image\/"}}]}},"_links":{"self":[{"href":"https:\/\/inigofernandezcarpinteria.com\/en\/wp-json\/wp\/v2\/pages\/15","targetHints":{"allow":["GET"]}}],"collection":[{"href":"https:\/\/inigofernandezcarpinteria.com\/en\/wp-json\/wp\/v2\/pages"}],"about":[{"href":"https:\/\/inigofernandezcarpinteria.com\/en\/wp-json\/wp\/v2\/types\/page"}],"author":[{"embeddable":true,"href":"https:\/\/inigofernandezcarpinteria.com\/en\/wp-json\/wp\/v2\/users\/1"}],"replies":[{"embeddable":true,"href":"https:\/\/inigofernandezcarpinteria.com\/en\/wp-json\/wp\/v2\/comments?post=15"}],"version-history":[{"count":79,"href":"https:\/\/inigofernandezcarpinteria.com\/en\/wp-json\/wp\/v2\/pages\/15\/revisions"}],"predecessor-version":[{"id":290,"href":"https:\/\/inigofernandezcarpinteria.com\/en\/wp-json\/wp\/v2\/pages\/15\/revisions\/290"}],"wp:attachment":[{"href":"https:\/\/inigofernandezcarpinteria.com\/en\/wp-json\/wp\/v2\/media?parent=15"}],"curies":[{"name":"wp","href":"https:\/\/api.w.org\/{rel}","templated":true}]}}